{"id":387,"date":"2017-09-15T10:06:07","date_gmt":"2017-09-15T10:06:07","guid":{"rendered":"https:\/\/wp.nkdev.info\/piroll\/?page_id=387"},"modified":"2019-04-09T06:11:17","modified_gmt":"2019-04-09T06:11:17","slug":"nosotros","status":"publish","type":"page","link":"https:\/\/rypartmexico.com\/web\/nosotros\/","title":{"rendered":"Nosotros"},"content":{"rendered":"<p>[vc_row equal_height=\u00bbyes\u00bb content_placement=\u00bbmiddle\u00bb awb_type=\u00bbcolor\u00bb awb_stretch=\u00bb1&#8243; awb_color=\u00bb#f6f6f6&#8243;][vc_column awb_type=\u00bbimage\u00bb awb_stretch=\u00bb1&#8243; awb_image_background_position=\u00bb50% 50%\u00bb awb_parallax=\u00bbscroll\u00bb awb_parallax_speed=\u00bb0.6&#8243; offset=\u00bbvc_col-md-6&#8243; css=\u00bb.vc_custom_1553754132391{padding-top: 480px !important;}\u00bb awb_image=\u00bb818&#8243;][\/vc_column][vc_column offset=\u00bbvc_col-md-6&#8243; css=\u00bb.vc_custom_1505470285584{padding-top: 140px !important;padding-bottom: 140px !important;}\u00bb][vc_column_text]<\/p>\n<h2>Acerca de Rypart M\u00e9xico<\/h2>\n<p>Rypart Mexico nace en el 2015 como una compa\u00f1\u00eda mexicana comercializadora de partes y refacciones electrodom\u00e9sticas nacionales e internacionales, especializada en la calidad y servicio con nuestros clientes.<\/p>\n<p>Cuenta con un amplio objetivo en la industria mexicana para el cumplimiento de los mejores est\u00e1ndares de calidad y el posicionamiento en el mercado internacional.[\/vc_column_text][vc_single_image image=\u00bb14&#8243; img_size=\u00bbfull\u00bb][\/vc_column][\/vc_row][vc_row awb_type=\u00bbcolor\u00bb awb_stretch=\u00bb1&#8243; awb_color=\u00bb#ffffff\u00bb css=\u00bb.vc_custom_1554790272783{padding-top: 100px !important;padding-bottom: 100px !important;}\u00bb][vc_column offset=\u00bbvc_col-md-offset-3 vc_col-md-6&#8243;]<div role=\"tabpanel\" class=\"nk-tabs text-center \"><ul class=\"nav nav-tabs\" role=\"tablist\"><li role=\"presentation\" class=\"nav-item\">\n                        <a href=\"#tab-1-1505470343684-0\" class=\"nav-link active\" aria-controls=\"tab-1-1505470343684-0\" role=\"tab\" data-toggle=\"tab\" aria-expanded=\"true\">Misi\u00f3n<\/a>\n                    <\/li><li role=\"presentation\" class=\"nav-item\">\n                        <a href=\"#tab-1-1505470385748-2-5\" class=\"nav-link \" aria-controls=\"tab-1-1505470385748-2-5\" role=\"tab\" data-toggle=\"tab\" aria-expanded=\"true\">Visi\u00f3n<\/a>\n                    <\/li><li role=\"presentation\" class=\"nav-item\">\n                        <a href=\"#tab-1-1505470343674-8\" class=\"nav-link \" aria-controls=\"tab-1-1505470343674-8\" role=\"tab\" data-toggle=\"tab\" aria-expanded=\"true\">Valores<\/a>\n                    <\/li><\/ul><div class=\"tab-content\">\n                        <div role=\"tabpanel\" class=\"tab-pane fade active show  \" id=\"tab-1-1505470343684-0\">\n                        [vc_column_text]Ofrecer producto de calidad a precios competitivos para convertirnos en la mejor opci\u00f3n en el mercado con el mejor servicio para nuestros clientes, proveedores y colaboradores.[\/vc_column_text]\n                    <\/div><div role=\"tabpanel\" class=\"tab-pane fade   \" id=\"tab-1-1505470385748-2-5\">\n                        [vc_column_text]Comercializar refacciones de alta calidad para cubrir las necesidades de un mercado exigente y globalizado.[\/vc_column_text]\n                    <\/div><div role=\"tabpanel\" class=\"tab-pane fade   \" id=\"tab-1-1505470343674-8\">\n                        [vc_column_text]<\/p>\n<p style=\"text-align: center;\">&#8211; Compromiso y responsabilidad con nuestros clientes.<br \/>\n&#8211; Trabajo en equipo para un mejor prestigio.<br \/>\n&#8211; Mejora continua hacia la excelencia.<br \/>\n&#8211; Transparencia y honestidad con nuestro entorno.<\/p>\n<p>[\/vc_column_text]\n                    <\/div>\n                    <\/div>\n                <\/div>[\/vc_column][\/vc_row]<\/p>\n","protected":false},"excerpt":{"rendered":"<p>[vc_row equal_height=\u00bbyes\u00bb content_placement=\u00bbmiddle\u00bb awb_type=\u00bbcolor\u00bb awb_stretch=\u00bb1&#8243; awb_color=\u00bb#f6f6f6&#8243;][vc_column awb_type=\u00bbimage\u00bb awb_stretch=\u00bb1&#8243; awb_image_background_position=\u00bb50% 50%\u00bb awb_parallax=\u00bbscroll\u00bb awb_parallax_speed=\u00bb0.6&#8243; offset=\u00bbvc_col-md-6&#8243; css=\u00bb.vc_custom_1553754132391{padding-top: 480px !important;}\u00bb awb_image=\u00bb818&#8243;][\/vc_column][vc_column offset=\u00bbvc_col-md-6&#8243; css=\u00bb.vc_custom_1505470285584{padding-top: 140px !important;padding-bottom: 140px !important;}\u00bb][vc_column_text] Acerca de Rypart M\u00e9xico Rypart Mexico nace en el 2015 como una compa\u00f1\u00eda mexicana comercializadora de partes y refacciones electrodom\u00e9sticas nacionales e internacionales, especializada en la calidad y servicio con nuestros clientes. [&hellip;]<\/p>\n","protected":false},"author":2,"featured_media":0,"parent":0,"menu_order":0,"comment_status":"closed","ping_status":"closed","template":"","meta":{"_vp_format_video_url":"","_vp_image_focal_point":[],"_joinchat":[]},"_links":{"self":[{"href":"https:\/\/rypartmexico.com\/web\/wp-json\/wp\/v2\/pages\/387"}],"collection":[{"href":"https:\/\/rypartmexico.com\/web\/wp-json\/wp\/v2\/pages"}],"about":[{"href":"https:\/\/rypartmexico.com\/web\/wp-json\/wp\/v2\/types\/page"}],"author":[{"embeddable":true,"href":"https:\/\/rypartmexico.com\/web\/wp-json\/wp\/v2\/users\/2"}],"replies":[{"embeddable":true,"href":"https:\/\/rypartmexico.com\/web\/wp-json\/wp\/v2\/comments?post=387"}],"version-history":[{"count":61,"href":"https:\/\/rypartmexico.com\/web\/wp-json\/wp\/v2\/pages\/387\/revisions"}],"predecessor-version":[{"id":1286,"href":"https:\/\/rypartmexico.com\/web\/wp-json\/wp\/v2\/pages\/387\/revisions\/1286"}],"wp:attachment":[{"href":"https:\/\/rypartmexico.com\/web\/wp-json\/wp\/v2\/media?parent=387"}],"curies":[{"name":"wp","href":"https:\/\/api.w.org\/{rel}","templated":true}]}}